{"id":3358,"date":"2025-01-17T19:54:48","date_gmt":"2025-01-17T19:54:48","guid":{"rendered":"https:\/\/testdomaindemo.xyz\/?page_id=3358"},"modified":"2026-02-28T03:51:31","modified_gmt":"2026-02-28T03:51:31","slug":"program-for-travel-agents","status":"publish","type":"page","link":"https:\/\/pinnacleresortspv.com\/es\/program-for-travel-agents\/","title":{"rendered":"Program for Travel Agents"},"content":{"rendered":"\t\t<div data-elementor-type=\"wp-page\" data-elementor-id=\"3358\" class=\"elementor elementor-3358\">\n\t\t\t\t\t\t<section class=\"elementor-section elementor-top-section elementor-element elementor-element-419b71fc cs-parallax-on-scroll cs_scroll_y_100 cs-section-content-fullwidth elementor-section-boxed elementor-section-height-default elementor-section-height-default\" data-id=\"419b71fc\" data-element_type=\"section\" data-settings=\"{&quot;background_background&quot;:&quot;classic&quot;}\" data-cs-parallax-y=\"100\" style=\"background-image: none;\" data-cs-background-image=\"https:\/\/pinnacleresortspv.com\/wp-content\/uploads\/2025\/01\/Home_Counter_1920x1080.jpg\" data-cs-background-image-alt-text=\"\">\n\t\t\t\t\t\t\t<div class=\"elementor-background-overlay\"><\/div>\n\t\t\t\t\t\t\t<div class=\"elementor-container elementor-column-gap-no\">\n\t\t\t\t\t<div class=\"elementor-column elementor-col-100 elementor-top-column elementor-element elementor-element-38db342 dark-color\" data-id=\"38db342\" data-element_type=\"column\">\n\t\t\t<div class=\"elementor-widget-wrap elementor-element-populated\">\n\t\t\t\t\t\t<div class=\"elementor-element elementor-element-4516b5cc elementor-widget elementor-widget-cs_title\" data-id=\"4516b5cc\" data-element_type=\"widget\" data-widget_type=\"cs_title.default\">\n\t\t\t\t<div class=\"elementor-widget-container\">\n\t\t\t\t\t\n        <div class=\"cs-title-wrap text-center\">\t            <h3 class=\"cs-title\">\n\t                Programa para Agentes de Viajes\t            <\/h3>        <\/div>\t\t\t\t<\/div>\n\t\t\t\t<\/div>\n\t\t\t\t\t<\/div>\n\t\t<\/div>\n\t\t\t\t\t<\/div>\n\t\t<\/section>\n\t\t\t\t<section class=\"elementor-section elementor-top-section elementor-element elementor-element-22086ac3 cs-section-content-fullwidth elementor-section-boxed elementor-section-height-default elementor-section-height-default\" data-id=\"22086ac3\" data-element_type=\"section\" data-settings=\"{&quot;background_background&quot;:&quot;classic&quot;}\">\n\t\t\t\t\t\t<div class=\"elementor-container elementor-column-gap-no\">\n\t\t\t\t\t<div class=\"elementor-column elementor-col-100 elementor-top-column elementor-element elementor-element-27c9f4cc\" data-id=\"27c9f4cc\" data-element_type=\"column\">\n\t\t\t<div class=\"elementor-widget-wrap elementor-element-populated\">\n\t\t\t\t\t\t<div class=\"elementor-element elementor-element-b924b49 elementor-widget elementor-widget-text-editor\" data-id=\"b924b49\" data-element_type=\"widget\" data-widget_type=\"text-editor.default\">\n\t\t\t\t\t\t\t\t\t<p>\u00a1Bienvenido a la secci\u00f3n de agencias de viajes de Pinnacle Resorts! Un portal \u00fanico para hacer reservas para sus clientes con ventajas especiales. Consigue la mejor tarifa garantizada y una atractiva comisi\u00f3n para ti.<\/p><p><b>Ventajas de trabajar con Pinnacle Resorts:<\/b><\/p><p>10% de comisi\u00f3n sobre las reservas antes de impuestos<\/p><ul><li>Descuentos especiales en nuestros bares y spa al alojarse con nosotros.<\/li><li>Descuento exclusivo para agencias de viajes &#8211; siempre que la agencia de viajes est\u00e9 registrada (no comisionable)<\/li><\/ul><p><b>Ventajas para sus invitados:<\/b><\/p><ul><li>Tarjeta de bienvenida personalizada<\/li><li>Botella de vino de bienvenida<\/li><li>Cupones de descuento exclusivos para nuestros servicios de peluquer\u00eda y spa<\/li><li>Descuentos exclusivos en nuestros 3 bares<\/li><\/ul><p><br \/><b>Requisitos:<\/b><\/p><ul><li>Estar inscrito en nuestro programa de agentes de viajes.<\/li><li>Debe ser un agente de viajes certificado.<\/li><li>Indicar el tipo y el n\u00famero de identificaci\u00f3n de la agencia.<\/li><li>Facilite informaci\u00f3n general sobre la agencia (nombre IATA, direcci\u00f3n, tel\u00e9fono, correo electr\u00f3nico, sitio web, n\u00famero de identificaci\u00f3n fiscal)<\/li><li>Facilitar los datos bancarios de la agencia de viajes en una carta con membrete del la agencia de viajes.<\/li><\/ul><p><br \/><b>\u00bfTienes alguna pregunta?<\/b><\/p><p>Puede ponerse en contacto con nosotros escribiendo al siguiente correo electr\u00f3nico:<br \/>reservations@pinnacleresortspv.com Estaremos encantados de ayudarle a resolver todas las dudas que pueda tener.<\/p>\t\t\t\t\t\t\t\t<\/div>\n\t\t\t\t\t<\/div>\n\t\t<\/div>\n\t\t\t\t\t<\/div>\n\t\t<\/section>\n\t\t\t\t<\/div>\n\t\t","protected":false},"excerpt":{"rendered":"<p>Programa para Agentes de Viajes \u00a1Bienvenido a la secci\u00f3n de agencias de viajes de Pinnacle Resorts! Un portal \u00fanico para hacer reservas para sus clientes con ventajas especiales. Consigue la mejor tarifa garantizada y una atractiva comisi\u00f3n para ti. Ventajas de trabajar con Pinnacle Resorts: 10% de comisi\u00f3n sobre las reservas antes de impuestos Descuentos &#8230;<\/p>\n","protected":false},"author":1,"featured_media":0,"parent":0,"menu_order":0,"comment_status":"closed","ping_status":"closed","template":"","meta":{"_locale":"es_MX","_original_post":"https:\/\/pinnacleresortspv.com\/?page_id=3342","cozystay_single_page_hide_site_header":"","cozystay_single_page_site_header_source":"","cozystay_single_page_custom_site_header":"0","cozystay_single_page_custom_sticky_site_header":"0","cozystay_single_page_hide_page_title":"","cozystay_single_page_header_section_size":"","cozystay_single_page_header_background_color":"","cozystay_single_page_header_background_position_x":"center","cozystay_single_page_header_background_position_y":"center","cozystay_single_page_header_background_size":"cover","cozystay_single_page_header_background_repeat":"off","cozystay_single_page_header_background_scroll":"on","cozystay_single_page_header_text_color":"","cozystay_single_page_header_show_breadcrumb":"","cozystay_single_page_site_footer_hide_main":"","cozystay_single_custom_site_footer_main_source":"","cozystay_single_custom_site_footer_main":"0","cozystay_single_page_site_footer_hide_above":"","cozystay_single_custom_site_footer_above_source":"","cozystay_single_custom_site_footer_above":"0","cozystay_single_page_site_footer_hide_instagram":"","cozystay_single_page_site_footer_hide_bottom":"","cozystay_single_custom_mobile_menu_source":"","cozystay_single_custom_mobile_menu":"0","cozystay_single_custom_mobile_menu_animation":"","cozystay_single_custom_mobile_menu_width":"","cozystay_single_custom_mobile_menu_custom_width":375,"footnotes":""},"class_list":["post-3358","page","type-page","status-publish","hentry","es-MX"],"_links":{"self":[{"href":"https:\/\/pinnacleresortspv.com\/wp-json\/wp\/v2\/pages\/3358","targetHints":{"allow":["GET"]}}],"collection":[{"href":"https:\/\/pinnacleresortspv.com\/wp-json\/wp\/v2\/pages"}],"about":[{"href":"https:\/\/pinnacleresortspv.com\/wp-json\/wp\/v2\/types\/page"}],"author":[{"embeddable":true,"href":"https:\/\/pinnacleresortspv.com\/wp-json\/wp\/v2\/users\/1"}],"replies":[{"embeddable":true,"href":"https:\/\/pinnacleresortspv.com\/wp-json\/wp\/v2\/comments?post=3358"}],"version-history":[{"count":9,"href":"https:\/\/pinnacleresortspv.com\/wp-json\/wp\/v2\/pages\/3358\/revisions"}],"predecessor-version":[{"id":3371,"href":"https:\/\/pinnacleresortspv.com\/wp-json\/wp\/v2\/pages\/3358\/revisions\/3371"}],"wp:attachment":[{"href":"https:\/\/pinnacleresortspv.com\/wp-json\/wp\/v2\/media?parent=3358"}],"curies":[{"name":"wp","href":"https:\/\/api.w.org\/{rel}","templated":true}]}}