{"id":3338,"date":"2025-01-17T19:30:23","date_gmt":"2025-01-17T19:30:23","guid":{"rendered":"https:\/\/testdomaindemo.xyz\/?page_id=3338"},"modified":"2026-02-28T03:52:13","modified_gmt":"2026-02-28T03:52:13","slug":"contact-agencies","status":"publish","type":"page","link":"https:\/\/pinnacleresortspv.com\/es\/contact-agencies\/","title":{"rendered":"Contact Agencies"},"content":{"rendered":"\t\t<div data-elementor-type=\"wp-page\" data-elementor-id=\"3338\" class=\"elementor elementor-3338\">\n\t\t\t\t<div class=\"elementor-element elementor-element-1f6d4ff9 e-con-full e-flex e-con e-parent\" data-id=\"1f6d4ff9\" data-element_type=\"container\" data-settings=\"{&quot;background_background&quot;:&quot;slideshow&quot;,&quot;background_slideshow_gallery&quot;:[],&quot;background_slideshow_slide_duration&quot;:5000,&quot;background_slideshow_slide_transition&quot;:&quot;fade&quot;,&quot;background_slideshow_transition_duration&quot;:500}\">\n\t\t\t\t<div class=\"elementor-element elementor-element-729c8892 elementor-widget elementor-widget-cs_call_to_action\" data-id=\"729c8892\" data-element_type=\"widget\" data-settings=\"{&quot;overlay_background&quot;:&quot;gradient&quot;}\" data-widget_type=\"cs_call_to_action.default\">\n\t\t\t\t<div class=\"elementor-widget-container\">\n\t\t\t\t\t\n\t\t<div class=\"cs-cta cta-layout-text-overlap content-middle text-center\">\n            <div class=\"cs-cta-wrap\">\t\t               \t<div class=\"cs-cta-img\">\n\t\t                    <img fetchpriority=\"high\" decoding=\"async\" width=\"1920\" height=\"1080\" src=\"https:\/\/pinnacleresortspv.com\/wp-content\/uploads\/2025\/04\/CoverNUEVATravelAgents.jpg\" class=\"attachment-full size-full wp-image-6216\" alt=\"\" srcset=\"https:\/\/pinnacleresortspv.com\/wp-content\/uploads\/2025\/04\/CoverNUEVATravelAgents.jpg 1920w, https:\/\/pinnacleresortspv.com\/wp-content\/uploads\/2025\/04\/CoverNUEVATravelAgents-300x169.jpg 300w, https:\/\/pinnacleresortspv.com\/wp-content\/uploads\/2025\/04\/CoverNUEVATravelAgents-1024x576.jpg 1024w, https:\/\/pinnacleresortspv.com\/wp-content\/uploads\/2025\/04\/CoverNUEVATravelAgents-768x432.jpg 768w, https:\/\/pinnacleresortspv.com\/wp-content\/uploads\/2025\/04\/CoverNUEVATravelAgents-1536x864.jpg 1536w, https:\/\/pinnacleresortspv.com\/wp-content\/uploads\/2025\/04\/CoverNUEVATravelAgents-1440x810.jpg 1440w, https:\/\/pinnacleresortspv.com\/wp-content\/uploads\/2025\/04\/CoverNUEVATravelAgents-1200x675.jpg 1200w, https:\/\/pinnacleresortspv.com\/wp-content\/uploads\/2025\/04\/CoverNUEVATravelAgents-780x439.jpg 780w, https:\/\/pinnacleresortspv.com\/wp-content\/uploads\/2025\/04\/CoverNUEVATravelAgents-600x338.jpg 600w, https:\/\/pinnacleresortspv.com\/wp-content\/uploads\/2025\/04\/CoverNUEVATravelAgents-550x309.jpg 550w, https:\/\/pinnacleresortspv.com\/wp-content\/uploads\/2025\/04\/CoverNUEVATravelAgents-370x208.jpg 370w, https:\/\/pinnacleresortspv.com\/wp-content\/uploads\/2025\/04\/CoverNUEVATravelAgents-255x143.jpg 255w\" sizes=\"(max-width: 1920px) 100vw, 1920px\" \/>\t\t                <\/div>                <div class=\"cs-cta-overlay\"><\/div>\n                <div class=\"cs-cta-content\">\t\t            <h4 class=\"cs-cta-title cs-title color-white\">\n\t\t                Descubra Nuestra Propiedad\t\t            <\/h4>\t\t            <div class=\"cs-cta-text color-white\">\n\t\t                <p>Disfrute de una relaci\u00f3n de trabajo como agencia de viajes asoci\u00e1ndose con nosotros.<\/p>\t\t            <\/div>\t\t\t<\/div>            <\/div>\n        <\/div>\t\t\t\t<\/div>\n\t\t\t\t<\/div>\n\t\t\t\t<\/div>\n\t\t\t\t<section class=\"elementor-section elementor-top-section elementor-element elementor-element-3542248d cs-section-content-fullwidth elementor-section-boxed elementor-section-height-default elementor-section-height-default\" data-id=\"3542248d\" data-element_type=\"section\" data-settings=\"{&quot;background_background&quot;:&quot;classic&quot;}\">\n\t\t\t\t\t\t<div class=\"elementor-container elementor-column-gap-no\">\n\t\t\t\t\t<div class=\"elementor-column elementor-col-100 elementor-top-column elementor-element elementor-element-3a2d6547\" data-id=\"3a2d6547\" data-element_type=\"column\">\n\t\t\t<div class=\"elementor-widget-wrap elementor-element-populated\">\n\t\t\t\t\t\t<div class=\"elementor-element elementor-element-643e48a elementor-widget elementor-widget-cs_title\" data-id=\"643e48a\" data-element_type=\"widget\" data-widget_type=\"cs_title.default\">\n\t\t\t\t<div class=\"elementor-widget-container\">\n\t\t\t\t\t\n        <div class=\"cs-title-wrap text-center\">\t            <div class=\"cs-title-text\">\n\t                <p>Ofrecemos acceso a uno de los mejores resorts de lujo en Puerto Vallarta, M\u00e9xico. Con alojamiento de alta calidad y un servicio excepcional, nuestros hu\u00e9spedes pueden esperar una experiencia de primera clase. Al asociarse con nosotros, puede confiar en recibir un servicio excepcional y acceder a las mejores ofertas para satisfacer a sus clientes.<\/p>\t            <\/div>        <\/div>\t\t\t\t<\/div>\n\t\t\t\t<\/div>\n\t\t\t\t\t<\/div>\n\t\t<\/div>\n\t\t\t\t\t<\/div>\n\t\t<\/section>\n\t\t\t\t<section class=\"elementor-section elementor-top-section elementor-element elementor-element-478873e cs-section-content-fullwidth elementor-section-boxed elementor-section-height-default elementor-section-height-default\" data-id=\"478873e\" data-element_type=\"section\" data-settings=\"{&quot;background_background&quot;:&quot;classic&quot;}\">\n\t\t\t\t\t\t<div class=\"elementor-container elementor-column-gap-extended\">\n\t\t\t\t\t<div class=\"elementor-column elementor-col-50 elementor-top-column elementor-element elementor-element-19e2287\" data-id=\"19e2287\" data-element_type=\"column\">\n\t\t\t<div class=\"elementor-widget-wrap elementor-element-populated\">\n\t\t\t\t\t\t<div class=\"elementor-element elementor-element-ab3a5de elementor-widget elementor-widget-cs_title\" data-id=\"ab3a5de\" data-element_type=\"widget\" data-widget_type=\"cs_title.default\">\n\t\t\t\t<div class=\"elementor-widget-container\">\n\t\t\t\t\t\n        <div class=\"cs-title-wrap text-center\">\t            <h4 class=\"cs-title\">\n\t                Agentes de Viajes\t            <\/h4>\t            <div class=\"cs-title-text\">\n\t                <p>\u00a1Bienvenido a la secci\u00f3n de agentes de viajes de Pinnacle Resorts!<br \/>Obt\u00e9n la mejor tarifa garantizada y una comisi\u00f3n atractiva para ti.<\/p>\t            <\/div>        <\/div>\t\t\t\t<\/div>\n\t\t\t\t<\/div>\n\t\t\t\t<div class=\"elementor-element elementor-element-3751498 elementor-position-top elementor-widget elementor-widget-image-box\" data-id=\"3751498\" data-element_type=\"widget\" data-widget_type=\"image-box.default\">\n\t\t\t\t\t<div class=\"elementor-image-box-wrapper\"><figure class=\"elementor-image-box-img\"><a href=\"\/es\/program-for-travel-agents\/\" tabindex=\"-1\"><img decoding=\"async\" width=\"900\" height=\"600\" src=\"https:\/\/pinnacleresortspv.com\/wp-content\/uploads\/2025\/01\/ContAgen1_900x600.jpg\" class=\"attachment-full size-full wp-image-3330\" alt=\"\" srcset=\"https:\/\/pinnacleresortspv.com\/wp-content\/uploads\/2025\/01\/ContAgen1_900x600.jpg 900w, https:\/\/pinnacleresortspv.com\/wp-content\/uploads\/2025\/01\/ContAgen1_900x600-300x200.jpg 300w, https:\/\/pinnacleresortspv.com\/wp-content\/uploads\/2025\/01\/ContAgen1_900x600-768x512.jpg 768w, https:\/\/pinnacleresortspv.com\/wp-content\/uploads\/2025\/01\/ContAgen1_900x600-780x520.jpg 780w, https:\/\/pinnacleresortspv.com\/wp-content\/uploads\/2025\/01\/ContAgen1_900x600-600x400.jpg 600w, https:\/\/pinnacleresortspv.com\/wp-content\/uploads\/2025\/01\/ContAgen1_900x600-550x367.jpg 550w, https:\/\/pinnacleresortspv.com\/wp-content\/uploads\/2025\/01\/ContAgen1_900x600-370x247.jpg 370w, https:\/\/pinnacleresortspv.com\/wp-content\/uploads\/2025\/01\/ContAgen1_900x600-255x170.jpg 255w\" sizes=\"(max-width: 900px) 100vw, 900px\" \/><\/a><\/figure><div class=\"elementor-image-box-content\"><p class=\"elementor-image-box-description\"><b>T\u00e9rminos y condiciones del programa:<\/b> Las comisiones se pagan hasta 72 horas despu\u00e9s del check out. Las reservaciones tienen una comisi\u00f3n basada en la tarifa regular. Las reservas deben estar a nombre de diferentes hu\u00e9spedes para que sean v\u00e1lidas. El pago de la comisi\u00f3n es v\u00e1lido siempre que la reserva haya sido pagada con la tarjeta de agencia. Los cupones de descuento para los bares y el spa se entregar\u00e1n en la recepci\u00f3n del hotel al realizar el check-in. Sujeto a cambios sin previo aviso. Pueden aplicarse restricciones.<\/p><\/div><\/div>\t\t\t\t<\/div>\n\t\t\t\t<div class=\"elementor-element elementor-element-b7e6f19 elementor-align-center elementor-widget elementor-widget-cs_button\" data-id=\"b7e6f19\" data-element_type=\"widget\" data-widget_type=\"cs_button.default\">\n\t\t\t\t<div class=\"elementor-widget-container\">\n\t\t\t\t\t        <a href=\"\/es\/program-for-travel-agents\/\" class=\"elementor-button-link button cs-btn-square cs-btn-color-black\" role=\"button\">\n            <span class=\"cs-btn-text\">Leer m\u00e1s<\/span>        <\/a>\t\t\t\t<\/div>\n\t\t\t\t<\/div>\n\t\t\t\t\t<\/div>\n\t\t<\/div>\n\t\t\t\t<div class=\"elementor-column elementor-col-50 elementor-top-column elementor-element elementor-element-0d89ec0\" data-id=\"0d89ec0\" data-element_type=\"column\">\n\t\t\t<div class=\"elementor-widget-wrap elementor-element-populated\">\n\t\t\t\t\t\t<div class=\"elementor-element elementor-element-d43bd34 elementor-widget elementor-widget-cs_title\" data-id=\"d43bd34\" data-element_type=\"widget\" data-widget_type=\"cs_title.default\">\n\t\t\t\t<div class=\"elementor-widget-container\">\n\t\t\t\t\t\n        <div class=\"cs-title-wrap text-center\">\t            <h4 class=\"cs-title\">\n\t                Programa de Referidos\t            <\/h4>\t            <div class=\"cs-title-text\">\n\t                <p>Queremos premiar tu preferencia con nuestro Programa de Referidos.<br \/>\u00a1Descubre m\u00e1s!<\/p>\t            <\/div>        <\/div>\t\t\t\t<\/div>\n\t\t\t\t<\/div>\n\t\t\t\t<div class=\"elementor-element elementor-element-ac9f16e elementor-position-top elementor-widget elementor-widget-image-box\" data-id=\"ac9f16e\" data-element_type=\"widget\" data-widget_type=\"image-box.default\">\n\t\t\t\t\t<div class=\"elementor-image-box-wrapper\"><figure class=\"elementor-image-box-img\"><a href=\"\/es\/referral-program\/\" tabindex=\"-1\"><img decoding=\"async\" width=\"900\" height=\"600\" src=\"https:\/\/pinnacleresortspv.com\/wp-content\/uploads\/2025\/01\/ContAgen2_900x600.jpg\" class=\"attachment-full size-full wp-image-3331\" alt=\"\" srcset=\"https:\/\/pinnacleresortspv.com\/wp-content\/uploads\/2025\/01\/ContAgen2_900x600.jpg 900w, https:\/\/pinnacleresortspv.com\/wp-content\/uploads\/2025\/01\/ContAgen2_900x600-300x200.jpg 300w, https:\/\/pinnacleresortspv.com\/wp-content\/uploads\/2025\/01\/ContAgen2_900x600-768x512.jpg 768w, https:\/\/pinnacleresortspv.com\/wp-content\/uploads\/2025\/01\/ContAgen2_900x600-780x520.jpg 780w, https:\/\/pinnacleresortspv.com\/wp-content\/uploads\/2025\/01\/ContAgen2_900x600-600x400.jpg 600w, https:\/\/pinnacleresortspv.com\/wp-content\/uploads\/2025\/01\/ContAgen2_900x600-550x367.jpg 550w, https:\/\/pinnacleresortspv.com\/wp-content\/uploads\/2025\/01\/ContAgen2_900x600-370x247.jpg 370w, https:\/\/pinnacleresortspv.com\/wp-content\/uploads\/2025\/01\/ContAgen2_900x600-255x170.jpg 255w\" sizes=\"(max-width: 900px) 100vw, 900px\" \/><\/a><\/figure><div class=\"elementor-image-box-content\"><p class=\"elementor-image-box-description\"><b>T\u00e9rminos y condiciones del programa: <\/b>\nLas comisiones se pagan hasta 72 horas despu\u00e9s del check out. Las reservaciones tienen una comisi\u00f3n basada en la tarifa regular. Las reservas deben estar a nombre de diferentes hu\u00e9spedes y pagarse con diferentes tarjetas de cr\u00e9dito. Los cupones de descuento para los bares y el spa se entregar\u00e1n en la recepci\u00f3n del hotel al realizar el check-in. Sujeto a cambios sin previo aviso. Pueden aplicarse restricciones.<\/p><\/div><\/div>\t\t\t\t<\/div>\n\t\t\t\t<div class=\"elementor-element elementor-element-a8d6b3a elementor-align-center elementor-widget elementor-widget-cs_button\" data-id=\"a8d6b3a\" data-element_type=\"widget\" data-widget_type=\"cs_button.default\">\n\t\t\t\t<div class=\"elementor-widget-container\">\n\t\t\t\t\t        <a href=\"\/es\/referral-program\/\" class=\"elementor-button-link button cs-btn-square cs-btn-color-black\" role=\"button\">\n            <span class=\"cs-btn-text\">Leer m\u00e1s<\/span>        <\/a>\t\t\t\t<\/div>\n\t\t\t\t<\/div>\n\t\t\t\t\t<\/div>\n\t\t<\/div>\n\t\t\t\t\t<\/div>\n\t\t<\/section>\n\t\t\t\t<\/div>\n\t\t","protected":false},"excerpt":{"rendered":"<p>Descubra Nuestra Propiedad Disfrute de una relaci\u00f3n de trabajo como agencia de viajes asoci\u00e1ndose con nosotros. Ofrecemos acceso a uno de los mejores resorts de lujo en Puerto Vallarta, M\u00e9xico. Con alojamiento de alta calidad y un servicio excepcional, nuestros hu\u00e9spedes pueden esperar una experiencia de primera clase. Al asociarse con nosotros, puede confiar en &#8230;<\/p>\n","protected":false},"author":1,"featured_media":0,"parent":0,"menu_order":0,"comment_status":"closed","ping_status":"closed","template":"","meta":{"_locale":"es_MX","_original_post":"https:\/\/pinnacleresortspv.com\/?page_id=3326","cozystay_single_page_hide_site_header":"","cozystay_single_page_site_header_source":"","cozystay_single_page_custom_site_header":"0","cozystay_single_page_custom_sticky_site_header":"0","cozystay_single_page_hide_page_title":"","cozystay_single_page_header_section_size":"","cozystay_single_page_header_background_color":"","cozystay_single_page_header_background_position_x":"center","cozystay_single_page_header_background_position_y":"center","cozystay_single_page_header_background_size":"cover","cozystay_single_page_header_background_repeat":"off","cozystay_single_page_header_background_scroll":"on","cozystay_single_page_header_text_color":"","cozystay_single_page_header_show_breadcrumb":"","cozystay_single_page_site_footer_hide_main":"","cozystay_single_custom_site_footer_main_source":"","cozystay_single_custom_site_footer_main":"0","cozystay_single_page_site_footer_hide_above":"","cozystay_single_custom_site_footer_above_source":"","cozystay_single_custom_site_footer_above":"0","cozystay_single_page_site_footer_hide_instagram":"","cozystay_single_page_site_footer_hide_bottom":"","cozystay_single_custom_mobile_menu_source":"","cozystay_single_custom_mobile_menu":"0","cozystay_single_custom_mobile_menu_animation":"","cozystay_single_custom_mobile_menu_width":"","cozystay_single_custom_mobile_menu_custom_width":375,"footnotes":""},"class_list":["post-3338","page","type-page","status-publish","hentry","es-MX"],"_links":{"self":[{"href":"https:\/\/pinnacleresortspv.com\/wp-json\/wp\/v2\/pages\/3338","targetHints":{"allow":["GET"]}}],"collection":[{"href":"https:\/\/pinnacleresortspv.com\/wp-json\/wp\/v2\/pages"}],"about":[{"href":"https:\/\/pinnacleresortspv.com\/wp-json\/wp\/v2\/types\/page"}],"author":[{"embeddable":true,"href":"https:\/\/pinnacleresortspv.com\/wp-json\/wp\/v2\/users\/1"}],"replies":[{"embeddable":true,"href":"https:\/\/pinnacleresortspv.com\/wp-json\/wp\/v2\/comments?post=3338"}],"version-history":[{"count":21,"href":"https:\/\/pinnacleresortspv.com\/wp-json\/wp\/v2\/pages\/3338\/revisions"}],"predecessor-version":[{"id":6222,"href":"https:\/\/pinnacleresortspv.com\/wp-json\/wp\/v2\/pages\/3338\/revisions\/6222"}],"wp:attachment":[{"href":"https:\/\/pinnacleresortspv.com\/wp-json\/wp\/v2\/media?parent=3338"}],"curies":[{"name":"wp","href":"https:\/\/api.w.org\/{rel}","templated":true}]}}