{"id":3319,"date":"2025-01-17T18:52:09","date_gmt":"2025-01-17T18:52:09","guid":{"rendered":"https:\/\/testdomaindemo.xyz\/?page_id=3319"},"modified":"2026-03-20T23:39:38","modified_gmt":"2026-03-20T23:39:38","slug":"contact-employment","status":"publish","type":"page","link":"https:\/\/pinnacleresortspv.com\/es\/contact-employment\/","title":{"rendered":"Contact Employment"},"content":{"rendered":"\t\t<div data-elementor-type=\"wp-page\" data-elementor-id=\"3319\" class=\"elementor elementor-3319\">\n\t\t\t\t<div class=\"elementor-element elementor-element-73e2c1c2 e-con-full e-flex e-con e-parent\" data-id=\"73e2c1c2\" data-element_type=\"container\" data-settings=\"{&quot;background_background&quot;:&quot;slideshow&quot;,&quot;background_slideshow_gallery&quot;:[],&quot;background_slideshow_slide_duration&quot;:5000,&quot;background_slideshow_slide_transition&quot;:&quot;fade&quot;,&quot;background_slideshow_transition_duration&quot;:500}\">\n\t\t\t\t<div class=\"elementor-element elementor-element-144a374e elementor-widget elementor-widget-cs_call_to_action\" data-id=\"144a374e\" data-element_type=\"widget\" data-settings=\"{&quot;overlay_background&quot;:&quot;gradient&quot;}\" data-widget_type=\"cs_call_to_action.default\">\n\t\t\t\t<div class=\"elementor-widget-container\">\n\t\t\t\t\t\n\t\t<div class=\"cs-cta cta-layout-text-overlap content-middle text-center\">\n            <div class=\"cs-cta-wrap\">\t\t               \t<div class=\"cs-cta-img\">\n\t\t                    <img fetchpriority=\"high\" decoding=\"async\" width=\"1920\" height=\"1080\" src=\"https:\/\/pinnacleresortspv.com\/wp-content\/uploads\/2025\/04\/CoverNUEVAEmployment.jpg\" class=\"attachment-full size-full wp-image-6209\" alt=\"\" srcset=\"https:\/\/pinnacleresortspv.com\/wp-content\/uploads\/2025\/04\/CoverNUEVAEmployment.jpg 1920w, https:\/\/pinnacleresortspv.com\/wp-content\/uploads\/2025\/04\/CoverNUEVAEmployment-300x169.jpg 300w, https:\/\/pinnacleresortspv.com\/wp-content\/uploads\/2025\/04\/CoverNUEVAEmployment-1024x576.jpg 1024w, https:\/\/pinnacleresortspv.com\/wp-content\/uploads\/2025\/04\/CoverNUEVAEmployment-768x432.jpg 768w, https:\/\/pinnacleresortspv.com\/wp-content\/uploads\/2025\/04\/CoverNUEVAEmployment-1536x864.jpg 1536w, https:\/\/pinnacleresortspv.com\/wp-content\/uploads\/2025\/04\/CoverNUEVAEmployment-1440x810.jpg 1440w, https:\/\/pinnacleresortspv.com\/wp-content\/uploads\/2025\/04\/CoverNUEVAEmployment-1200x675.jpg 1200w, https:\/\/pinnacleresortspv.com\/wp-content\/uploads\/2025\/04\/CoverNUEVAEmployment-780x439.jpg 780w, https:\/\/pinnacleresortspv.com\/wp-content\/uploads\/2025\/04\/CoverNUEVAEmployment-600x338.jpg 600w, https:\/\/pinnacleresortspv.com\/wp-content\/uploads\/2025\/04\/CoverNUEVAEmployment-550x309.jpg 550w, https:\/\/pinnacleresortspv.com\/wp-content\/uploads\/2025\/04\/CoverNUEVAEmployment-370x208.jpg 370w, https:\/\/pinnacleresortspv.com\/wp-content\/uploads\/2025\/04\/CoverNUEVAEmployment-255x143.jpg 255w\" sizes=\"(max-width: 1920px) 100vw, 1920px\" \/>\t\t                <\/div>                <div class=\"cs-cta-overlay\"><\/div>\n                <div class=\"cs-cta-content\">\t\t            <h4 class=\"cs-cta-title cs-title color-white\">\n\t\t                Empleo\t\t            <\/h4>\t\t            <div class=\"cs-cta-text color-white\">\n\t\t                <p>No pierdas la oportunidad de ser parte de nuestro equipo.<\/p>\t\t            <\/div>\t\t\t<\/div>            <\/div>\n        <\/div>\t\t\t\t<\/div>\n\t\t\t\t<\/div>\n\t\t\t\t<\/div>\n\t\t\t\t<section class=\"elementor-section elementor-top-section elementor-element elementor-element-24ec7d6e cs-section-content-fullwidth elementor-section-content-middle elementor-section-boxed elementor-section-height-default elementor-section-height-default\" data-id=\"24ec7d6e\" data-element_type=\"section\" data-settings=\"{&quot;background_background&quot;:&quot;classic&quot;}\">\n\t\t\t\t\t\t<div class=\"elementor-container elementor-column-gap-narrow\">\n\t\t\t\t\t<div class=\"elementor-column elementor-col-100 elementor-top-column elementor-element elementor-element-6083d82f\" data-id=\"6083d82f\" data-element_type=\"column\">\n\t\t\t<div class=\"elementor-widget-wrap elementor-element-populated\">\n\t\t\t\t\t\t<div class=\"elementor-element elementor-element-148ca27 elementor-widget elementor-widget-cs_title\" data-id=\"148ca27\" data-element_type=\"widget\" data-widget_type=\"cs_title.default\">\n\t\t\t\t<div class=\"elementor-widget-container\">\n\t\t\t\t\t\n        <div class=\"cs-title-wrap text-center\">\t            <div class=\"cs-title-text\">\n\t                Alimenta tu esp\u00edritu de hospitalidad: sum\u00e9rjete en una carrera gratificante en Pinnacle Resorts,\ndonde la innovaci\u00f3n se une a la elegancia y el servicio personalizado define cada interacci\u00f3n.\t            <\/div>        <\/div>\t\t\t\t<\/div>\n\t\t\t\t<\/div>\n\t\t\t\t\t<\/div>\n\t\t<\/div>\n\t\t\t\t\t<\/div>\n\t\t<\/section>\n\t\t\t\t<section class=\"elementor-section elementor-top-section elementor-element elementor-element-dc679e2 cs-section-content-fullwidth elementor-section-content-middle elementor-section-boxed elementor-section-height-default elementor-section-height-default\" data-id=\"dc679e2\" data-element_type=\"section\" data-settings=\"{&quot;background_background&quot;:&quot;classic&quot;}\">\n\t\t\t\t\t\t<div class=\"elementor-container elementor-column-gap-narrow\">\n\t\t\t\t\t<div class=\"elementor-column elementor-col-50 elementor-top-column elementor-element elementor-element-237c956\" data-id=\"237c956\" data-element_type=\"column\">\n\t\t\t<div class=\"elementor-widget-wrap elementor-element-populated\">\n\t\t\t\t\t\t<div class=\"elementor-element elementor-element-be73e08 elementor-widget elementor-widget-image\" data-id=\"be73e08\" data-element_type=\"widget\" data-widget_type=\"image.default\">\n\t\t\t\t\t\t\t\t\t\t\t\t\t\t\t<img decoding=\"async\" width=\"2048\" height=\"1536\" src=\"https:\/\/pinnacleresortspv.com\/wp-content\/uploads\/2025\/01\/Foto-Trabajo-scaled-1-2048x1536-1.jpg\" class=\"attachment-full size-full wp-image-3304\" alt=\"\" srcset=\"https:\/\/pinnacleresortspv.com\/wp-content\/uploads\/2025\/01\/Foto-Trabajo-scaled-1-2048x1536-1.jpg 2048w, https:\/\/pinnacleresortspv.com\/wp-content\/uploads\/2025\/01\/Foto-Trabajo-scaled-1-2048x1536-1-300x225.jpg 300w, https:\/\/pinnacleresortspv.com\/wp-content\/uploads\/2025\/01\/Foto-Trabajo-scaled-1-2048x1536-1-1024x768.jpg 1024w, https:\/\/pinnacleresortspv.com\/wp-content\/uploads\/2025\/01\/Foto-Trabajo-scaled-1-2048x1536-1-768x576.jpg 768w, https:\/\/pinnacleresortspv.com\/wp-content\/uploads\/2025\/01\/Foto-Trabajo-scaled-1-2048x1536-1-1536x1152.jpg 1536w, https:\/\/pinnacleresortspv.com\/wp-content\/uploads\/2025\/01\/Foto-Trabajo-scaled-1-2048x1536-1-1920x1440.jpg 1920w, https:\/\/pinnacleresortspv.com\/wp-content\/uploads\/2025\/01\/Foto-Trabajo-scaled-1-2048x1536-1-1440x1080.jpg 1440w, https:\/\/pinnacleresortspv.com\/wp-content\/uploads\/2025\/01\/Foto-Trabajo-scaled-1-2048x1536-1-1200x900.jpg 1200w, https:\/\/pinnacleresortspv.com\/wp-content\/uploads\/2025\/01\/Foto-Trabajo-scaled-1-2048x1536-1-780x585.jpg 780w, https:\/\/pinnacleresortspv.com\/wp-content\/uploads\/2025\/01\/Foto-Trabajo-scaled-1-2048x1536-1-600x450.jpg 600w, https:\/\/pinnacleresortspv.com\/wp-content\/uploads\/2025\/01\/Foto-Trabajo-scaled-1-2048x1536-1-550x413.jpg 550w, https:\/\/pinnacleresortspv.com\/wp-content\/uploads\/2025\/01\/Foto-Trabajo-scaled-1-2048x1536-1-370x278.jpg 370w, https:\/\/pinnacleresortspv.com\/wp-content\/uploads\/2025\/01\/Foto-Trabajo-scaled-1-2048x1536-1-255x191.jpg 255w\" sizes=\"(max-width: 2048px) 100vw, 2048px\" \/>\t\t\t\t\t\t\t\t\t\t\t\t\t\t\t<\/div>\n\t\t\t\t\t<\/div>\n\t\t<\/div>\n\t\t\t\t<div class=\"elementor-column elementor-col-50 elementor-top-column elementor-element elementor-element-bb67884\" data-id=\"bb67884\" data-element_type=\"column\">\n\t\t\t<div class=\"elementor-widget-wrap elementor-element-populated\">\n\t\t\t\t\t\t<div class=\"elementor-element elementor-element-4945669 elementor-widget elementor-widget-cs_form_cf7\" data-id=\"4945669\" data-element_type=\"widget\" data-widget_type=\"cs_form_cf7.default\">\n\t\t\t\t<div class=\"elementor-widget-container\">\n\t\t\t\t\t            <div class=\"cs-form-cf7 placeholder-normal\">\n                <div class=\"cs-form-cf7-wrap\">\n<div class=\"wpcf7 no-js\" id=\"wpcf7-f3831-o1\" lang=\"en-US\" dir=\"ltr\" data-wpcf7-id=\"3831\">\n<div class=\"screen-reader-response\"><p role=\"status\" aria-live=\"polite\" aria-atomic=\"true\"><\/p> <ul><\/ul><\/div>\n<form action=\"\/es\/wp-json\/wp\/v2\/pages\/3319#wpcf7-f3831-o1\" method=\"post\" class=\"wpcf7-form init\" aria-label=\"Contact form\" novalidate=\"novalidate\" data-status=\"init\">\n<fieldset class=\"hidden-fields-container\"><input type=\"hidden\" name=\"_wpcf7\" value=\"3831\" \/><input type=\"hidden\" name=\"_wpcf7_version\" value=\"6.1.4\" \/><input type=\"hidden\" name=\"_wpcf7_locale\" value=\"en_US\" \/><input type=\"hidden\" name=\"_wpcf7_unit_tag\" value=\"wpcf7-f3831-o1\" \/><input type=\"hidden\" name=\"_wpcf7_container_post\" value=\"0\" \/><input type=\"hidden\" name=\"_wpcf7_posted_data_hash\" value=\"\" \/><input type=\"hidden\" name=\"_wpcf7_recaptcha_response\" value=\"\" \/>\n<\/fieldset>\n<input class=\"wpcf7-form-control wpcf7-hidden\" value=\"jobs\" type=\"hidden\" name=\"form_type\" \/>\n<p><span class=\"wpcf7-form-control-wrap\" data-name=\"text-415\"><input size=\"40\" maxlength=\"400\" class=\"wpcf7-form-control wpcf7-text\" aria-invalid=\"false\" placeholder=\"Nombre\" value=\"\" type=\"text\" name=\"text-415\" \/><\/span>\n<\/p>\n<p><span class=\"wpcf7-form-control-wrap\" data-name=\"email-604\"><input size=\"40\" maxlength=\"400\" class=\"wpcf7-form-control wpcf7-email wpcf7-validates-as-required wpcf7-text wpcf7-validates-as-email\" aria-required=\"true\" aria-invalid=\"false\" placeholder=\"Email\" value=\"\" type=\"email\" name=\"email-604\" \/><\/span>\n<\/p>\n<p><span class=\"wpcf7-form-control-wrap\" data-name=\"text-416\"><input size=\"40\" maxlength=\"400\" class=\"wpcf7-form-control wpcf7-text\" aria-invalid=\"false\" placeholder=\"Tel\u00e9fono\" value=\"\" type=\"text\" name=\"text-416\" \/><\/span>\n<\/p>\n<p><span class=\"wpcf7-form-control-wrap\" data-name=\"text-417\"><input size=\"40\" maxlength=\"400\" class=\"wpcf7-form-control wpcf7-text\" aria-invalid=\"false\" placeholder=\"Posici\u00f3n de Inter\u00e9s\" value=\"\" type=\"text\" name=\"text-417\" \/><\/span>\n<\/p>\n<p><span class=\"wpcf7-form-control-wrap\" data-name=\"textarea-627\"><textarea cols=\"40\" rows=\"10\" maxlength=\"2000\" class=\"wpcf7-form-control wpcf7-textarea\" aria-invalid=\"false\" placeholder=\"Su Mensaje\" name=\"textarea-627\"><\/textarea><\/span>\n<\/p>\n<p><input class=\"wpcf7-form-control wpcf7-submit has-spinner\" type=\"submit\" value=\"Enviar\" \/>\n<\/p><div class=\"wpcf7-response-output\" aria-hidden=\"true\"><\/div>\n<\/form>\n<\/div>\n<\/div>\n            <\/div>\t\t\t\t<\/div>\n\t\t\t\t<\/div>\n\t\t\t\t\t<\/div>\n\t\t<\/div>\n\t\t\t\t\t<\/div>\n\t\t<\/section>\n\t\t\t\t<\/div>\n\t\t","protected":false},"excerpt":{"rendered":"<p>Empleo No pierdas la oportunidad de ser parte de nuestro equipo. Alimenta tu esp\u00edritu de hospitalidad: sum\u00e9rjete en una carrera gratificante en Pinnacle Resorts, donde la innovaci\u00f3n se une a la elegancia y el servicio personalizado define cada interacci\u00f3n.<\/p>\n","protected":false},"author":1,"featured_media":0,"parent":0,"menu_order":0,"comment_status":"closed","ping_status":"closed","template":"","meta":{"_locale":"es_MX","_original_post":"https:\/\/pinnacleresortspv.com\/?page_id=3300","cozystay_single_page_hide_site_header":"","cozystay_single_page_site_header_source":"","cozystay_single_page_custom_site_header":"0","cozystay_single_page_custom_sticky_site_header":"0","cozystay_single_page_hide_page_title":"","cozystay_single_page_header_section_size":"","cozystay_single_page_header_background_color":"","cozystay_single_page_header_background_position_x":"center","cozystay_single_page_header_background_position_y":"center","cozystay_single_page_header_background_size":"cover","cozystay_single_page_header_background_repeat":"off","cozystay_single_page_header_background_scroll":"on","cozystay_single_page_header_text_color":"","cozystay_single_page_header_show_breadcrumb":"","cozystay_single_page_site_footer_hide_main":"","cozystay_single_custom_site_footer_main_source":"","cozystay_single_custom_site_footer_main":"0","cozystay_single_page_site_footer_hide_above":"","cozystay_single_custom_site_footer_above_source":"","cozystay_single_custom_site_footer_above":"0","cozystay_single_page_site_footer_hide_instagram":"","cozystay_single_page_site_footer_hide_bottom":"","cozystay_single_custom_mobile_menu_source":"","cozystay_single_custom_mobile_menu":"0","cozystay_single_custom_mobile_menu_animation":"","cozystay_single_custom_mobile_menu_width":"","cozystay_single_custom_mobile_menu_custom_width":375,"footnotes":""},"class_list":["post-3319","page","type-page","status-publish","hentry","es-MX"],"_links":{"self":[{"href":"https:\/\/pinnacleresortspv.com\/wp-json\/wp\/v2\/pages\/3319","targetHints":{"allow":["GET"]}}],"collection":[{"href":"https:\/\/pinnacleresortspv.com\/wp-json\/wp\/v2\/pages"}],"about":[{"href":"https:\/\/pinnacleresortspv.com\/wp-json\/wp\/v2\/types\/page"}],"author":[{"embeddable":true,"href":"https:\/\/pinnacleresortspv.com\/wp-json\/wp\/v2\/users\/1"}],"replies":[{"embeddable":true,"href":"https:\/\/pinnacleresortspv.com\/wp-json\/wp\/v2\/comments?post=3319"}],"version-history":[{"count":18,"href":"https:\/\/pinnacleresortspv.com\/wp-json\/wp\/v2\/pages\/3319\/revisions"}],"predecessor-version":[{"id":12168,"href":"https:\/\/pinnacleresortspv.com\/wp-json\/wp\/v2\/pages\/3319\/revisions\/12168"}],"wp:attachment":[{"href":"https:\/\/pinnacleresortspv.com\/wp-json\/wp\/v2\/media?parent=3319"}],"curies":[{"name":"wp","href":"https:\/\/api.w.org\/{rel}","templated":true}]}}