{"id":2757,"date":"2025-01-13T00:52:07","date_gmt":"2025-01-13T00:52:07","guid":{"rendered":"https:\/\/testdomaindemo.xyz\/?page_id=2757"},"modified":"2026-03-20T23:33:04","modified_gmt":"2026-03-20T23:33:04","slug":"contact-pinnacle","status":"publish","type":"page","link":"https:\/\/pinnacleresortspv.com\/es\/contact-pinnacle\/","title":{"rendered":"Contact Us"},"content":{"rendered":"\t\t<div data-elementor-type=\"wp-page\" data-elementor-id=\"2757\" class=\"elementor elementor-2757\">\n\t\t\t\t<div class=\"elementor-element elementor-element-7fcaa540 e-con-full e-flex e-con e-parent\" data-id=\"7fcaa540\" data-element_type=\"container\" data-settings=\"{&quot;background_background&quot;:&quot;slideshow&quot;,&quot;background_slideshow_gallery&quot;:[],&quot;background_slideshow_slide_duration&quot;:5000,&quot;background_slideshow_slide_transition&quot;:&quot;fade&quot;,&quot;background_slideshow_transition_duration&quot;:500}\">\n\t\t\t\t<div class=\"elementor-element elementor-element-4d51e201 elementor-widget elementor-widget-cs_call_to_action\" data-id=\"4d51e201\" data-element_type=\"widget\" data-settings=\"{&quot;overlay_background&quot;:&quot;gradient&quot;}\" data-widget_type=\"cs_call_to_action.default\">\n\t\t\t\t<div class=\"elementor-widget-container\">\n\t\t\t\t\t\n\t\t<div class=\"cs-cta cta-layout-text-overlap content-middle text-center\">\n            <div class=\"cs-cta-wrap\">\t\t               \t<div class=\"cs-cta-img\">\n\t\t                    <img fetchpriority=\"high\" decoding=\"async\" width=\"1920\" height=\"1080\" src=\"https:\/\/pinnacleresortspv.com\/wp-content\/uploads\/2025\/04\/CoverNUEVAConacto.jpg\" class=\"attachment-full size-full wp-image-6202\" alt=\"\" srcset=\"https:\/\/pinnacleresortspv.com\/wp-content\/uploads\/2025\/04\/CoverNUEVAConacto.jpg 1920w, https:\/\/pinnacleresortspv.com\/wp-content\/uploads\/2025\/04\/CoverNUEVAConacto-300x169.jpg 300w, https:\/\/pinnacleresortspv.com\/wp-content\/uploads\/2025\/04\/CoverNUEVAConacto-1024x576.jpg 1024w, https:\/\/pinnacleresortspv.com\/wp-content\/uploads\/2025\/04\/CoverNUEVAConacto-768x432.jpg 768w, https:\/\/pinnacleresortspv.com\/wp-content\/uploads\/2025\/04\/CoverNUEVAConacto-1536x864.jpg 1536w, https:\/\/pinnacleresortspv.com\/wp-content\/uploads\/2025\/04\/CoverNUEVAConacto-1440x810.jpg 1440w, https:\/\/pinnacleresortspv.com\/wp-content\/uploads\/2025\/04\/CoverNUEVAConacto-1200x675.jpg 1200w, https:\/\/pinnacleresortspv.com\/wp-content\/uploads\/2025\/04\/CoverNUEVAConacto-780x439.jpg 780w, https:\/\/pinnacleresortspv.com\/wp-content\/uploads\/2025\/04\/CoverNUEVAConacto-600x338.jpg 600w, https:\/\/pinnacleresortspv.com\/wp-content\/uploads\/2025\/04\/CoverNUEVAConacto-550x309.jpg 550w, https:\/\/pinnacleresortspv.com\/wp-content\/uploads\/2025\/04\/CoverNUEVAConacto-370x208.jpg 370w, https:\/\/pinnacleresortspv.com\/wp-content\/uploads\/2025\/04\/CoverNUEVAConacto-255x143.jpg 255w\" sizes=\"(max-width: 1920px) 100vw, 1920px\" \/>\t\t                <\/div>                <div class=\"cs-cta-overlay\"><\/div>\n                <div class=\"cs-cta-content\">\t\t            <h4 class=\"cs-cta-title cs-title color-white\">\n\t\t                Cont\u00e1ctenos\t\t            <\/h4>\t\t            <div class=\"cs-cta-text color-white\">\n\t\t                <p>Para reservas y consultas, ll\u00e1manos o escr\u00edbenos.<\/p>\t\t            <\/div>\t\t\t<\/div>            <\/div>\n        <\/div>\t\t\t\t<\/div>\n\t\t\t\t<\/div>\n\t\t\t\t<\/div>\n\t\t\t\t<section class=\"elementor-section elementor-top-section elementor-element elementor-element-769ad868 elementor-section-boxed elementor-section-height-default elementor-section-height-default\" data-id=\"769ad868\" data-element_type=\"section\">\n\t\t\t\t\t\t<div class=\"elementor-container elementor-column-gap-default\">\n\t\t\t\t\t<div class=\"elementor-column elementor-col-33 elementor-top-column elementor-element elementor-element-56600efb\" data-id=\"56600efb\" data-element_type=\"column\">\n\t\t\t<div class=\"elementor-widget-wrap elementor-element-populated\">\n\t\t\t\t\t\t<div class=\"elementor-element elementor-element-4aeb254f elementor-view-default elementor-widget elementor-widget-icon\" data-id=\"4aeb254f\" data-element_type=\"widget\" data-widget_type=\"icon.default\">\n\t\t\t\t\t\t\t<div class=\"elementor-icon-wrapper\">\n\t\t\t<div class=\"elementor-icon\">\n\t\t\t<i aria-hidden=\"true\" class=\"fas fa-phone\"><\/i>\t\t\t<\/div>\n\t\t<\/div>\n\t\t\t\t\t\t<\/div>\n\t\t\t\t<div class=\"elementor-element elementor-element-7ba98fd5 elementor-widget elementor-widget-cs_title\" data-id=\"7ba98fd5\" data-element_type=\"widget\" data-widget_type=\"cs_title.default\">\n\t\t\t\t<div class=\"elementor-widget-container\">\n\t\t\t\t\t\n        <div class=\"cs-title-wrap text-center\">\t            <h6 class=\"cs-title\">\n\t                DIRECCI\u00d3N\t            <\/h6>\t            <div class=\"cs-title-text\">\n\t                <p><a href=\"https:\/\/maps.app.goo.gl\/WogY1o26YWRg5hEe6\">P\u00falpito #180,<br \/>Amapas, C.P. 48399<br \/>Puerto Vallarta, Jalisco, M\u00e9xico.<\/a><\/p>\t            <\/div>        <\/div>\t\t\t\t<\/div>\n\t\t\t\t<\/div>\n\t\t\t\t\t<\/div>\n\t\t<\/div>\n\t\t\t\t<div class=\"elementor-column elementor-col-33 elementor-top-column elementor-element elementor-element-6d3a28a\" data-id=\"6d3a28a\" data-element_type=\"column\">\n\t\t\t<div class=\"elementor-widget-wrap elementor-element-populated\">\n\t\t\t\t\t\t<div class=\"elementor-element elementor-element-4a7e58d5 elementor-view-default elementor-widget elementor-widget-icon\" data-id=\"4a7e58d5\" data-element_type=\"widget\" data-widget_type=\"icon.default\">\n\t\t\t\t\t\t\t<div class=\"elementor-icon-wrapper\">\n\t\t\t<div class=\"elementor-icon\">\n\t\t\t<i aria-hidden=\"true\" class=\"fas fa-envelope\"><\/i>\t\t\t<\/div>\n\t\t<\/div>\n\t\t\t\t\t\t<\/div>\n\t\t\t\t<div class=\"elementor-element elementor-element-7d4459e9 elementor-widget elementor-widget-cs_title\" data-id=\"7d4459e9\" data-element_type=\"widget\" data-widget_type=\"cs_title.default\">\n\t\t\t\t<div class=\"elementor-widget-container\">\n\t\t\t\t\t\n        <div class=\"cs-title-wrap text-center\">\t            <h6 class=\"cs-title\">\n\t                Email Us\t            <\/h6>\t            <div class=\"cs-title-text\">\n\t                <a href=\"mailto:reservations@pinnacleresortspv.com\">reservations@pinnacleresortspv.com<\/a>\t            <\/div>        <\/div>\t\t\t\t<\/div>\n\t\t\t\t<\/div>\n\t\t\t\t\t<\/div>\n\t\t<\/div>\n\t\t\t\t<div class=\"elementor-column elementor-col-33 elementor-top-column elementor-element elementor-element-4e1756fd\" data-id=\"4e1756fd\" data-element_type=\"column\">\n\t\t\t<div class=\"elementor-widget-wrap elementor-element-populated\">\n\t\t\t\t\t\t<div class=\"elementor-element elementor-element-e51b5eb elementor-view-default elementor-widget elementor-widget-icon\" data-id=\"e51b5eb\" data-element_type=\"widget\" data-widget_type=\"icon.default\">\n\t\t\t\t\t\t\t<div class=\"elementor-icon-wrapper\">\n\t\t\t<div class=\"elementor-icon\">\n\t\t\t<i aria-hidden=\"true\" class=\"fas fa-map-marker-alt\"><\/i>\t\t\t<\/div>\n\t\t<\/div>\n\t\t\t\t\t\t<\/div>\n\t\t\t\t<div class=\"elementor-element elementor-element-1be2af6b elementor-widget elementor-widget-cs_title\" data-id=\"1be2af6b\" data-element_type=\"widget\" data-widget_type=\"cs_title.default\">\n\t\t\t\t<div class=\"elementor-widget-container\">\n\t\t\t\t\t\n        <div class=\"cs-title-wrap text-center\">\t            <h6 class=\"cs-title\">\n\t                TEL\u00c9FONOS\t            <\/h6>\t            <div class=\"cs-title-text\">\n\t                <p><a href=\"tel:+523222223556\">Tel\u00e9fono MEX: +52 (322) 222-3556<\/a><br \/><a href=\"tel:+18552022236\">Sin cargo USA\/CAN: 1-855-202-2236<br \/><\/a><\/p>\t            <\/div>        <\/div>\t\t\t\t<\/div>\n\t\t\t\t<\/div>\n\t\t\t\t\t<\/div>\n\t\t<\/div>\n\t\t\t\t\t<\/div>\n\t\t<\/section>\n\t\t\t\t<section class=\"elementor-section elementor-top-section elementor-element elementor-element-ac183ba elementor-section-boxed elementor-section-height-default elementor-section-height-default\" data-id=\"ac183ba\" data-element_type=\"section\">\n\t\t\t\t\t\t<div class=\"elementor-container elementor-column-gap-default\">\n\t\t\t\t\t<div class=\"elementor-column elementor-col-100 elementor-top-column elementor-element elementor-element-081d0ac\" data-id=\"081d0ac\" data-element_type=\"column\">\n\t\t\t<div class=\"elementor-widget-wrap elementor-element-populated\">\n\t\t\t\t\t\t<div class=\"elementor-element elementor-element-b1842b4 elementor-widget elementor-widget-cs_title\" data-id=\"b1842b4\" data-element_type=\"widget\" data-widget_type=\"cs_title.default\">\n\t\t\t\t<div class=\"elementor-widget-container\">\n\t\t\t\t\t\n        <div class=\"cs-title-wrap text-center\">\t            <div class=\"cs-subtitle-wrap\"><span class=\"cs-subtitle\">Forma de Contacto<\/span><\/div>\t            <h4 class=\"cs-title\">\n\t                Comencemos una conversaci\u00f3n\t            <\/h4>        <\/div>\t\t\t\t<\/div>\n\t\t\t\t<\/div>\n\t\t\t\t<div class=\"elementor-element elementor-element-ed307dd elementor-widget elementor-widget-shortcode\" data-id=\"ed307dd\" data-element_type=\"widget\" data-widget_type=\"shortcode.default\">\n\t\t\t\t\t\t\t<div class=\"elementor-shortcode\">\n<div class=\"wpcf7 no-js\" id=\"wpcf7-f3809-o1\" lang=\"en-US\" dir=\"ltr\" data-wpcf7-id=\"3809\">\n<div class=\"screen-reader-response\"><p role=\"status\" aria-live=\"polite\" aria-atomic=\"true\"><\/p> <ul><\/ul><\/div>\n<form action=\"\/es\/wp-json\/wp\/v2\/pages\/2757#wpcf7-f3809-o1\" method=\"post\" class=\"wpcf7-form init\" aria-label=\"Contact form\" novalidate=\"novalidate\" data-status=\"init\">\n<fieldset class=\"hidden-fields-container\"><input type=\"hidden\" name=\"_wpcf7\" value=\"3809\" \/><input type=\"hidden\" name=\"_wpcf7_version\" value=\"6.1.4\" \/><input type=\"hidden\" name=\"_wpcf7_locale\" value=\"en_US\" \/><input type=\"hidden\" name=\"_wpcf7_unit_tag\" value=\"wpcf7-f3809-o1\" \/><input type=\"hidden\" name=\"_wpcf7_container_post\" value=\"0\" \/><input type=\"hidden\" name=\"_wpcf7_posted_data_hash\" value=\"\" \/><input type=\"hidden\" name=\"_wpcf7_recaptcha_response\" value=\"\" \/>\n<\/fieldset>\n<input class=\"wpcf7-form-control wpcf7-hidden\" value=\"contact\" type=\"hidden\" name=\"form_type\" \/>\n<p><span class=\"wpcf7-form-control-wrap\" data-name=\"name-670\"><input size=\"40\" maxlength=\"400\" class=\"wpcf7-form-control wpcf7-text\" aria-invalid=\"false\" placeholder=\"Nombre\" value=\"\" type=\"text\" name=\"name-670\" \/><\/span>\n<\/p>\n<p><span class=\"wpcf7-form-control-wrap\" data-name=\"email\"><input size=\"40\" maxlength=\"400\" class=\"wpcf7-form-control wpcf7-email wpcf7-validates-as-required wpcf7-text wpcf7-validates-as-email\" aria-required=\"true\" aria-invalid=\"false\" placeholder=\"Email\" value=\"\" type=\"email\" name=\"email\" \/><\/span>\n<\/p>\n<p><span class=\"wpcf7-form-control-wrap\" data-name=\"textarea-191\"><textarea cols=\"40\" rows=\"10\" maxlength=\"2000\" class=\"wpcf7-form-control wpcf7-textarea wpcf7-validates-as-required\" aria-required=\"true\" aria-invalid=\"false\" placeholder=\"Su Mensaje\" name=\"textarea-191\"><\/textarea><\/span>\n<\/p>\n<p><input class=\"wpcf7-form-control wpcf7-submit has-spinner\" type=\"submit\" value=\"Send\" \/>\n<\/p><div class=\"wpcf7-response-output\" aria-hidden=\"true\"><\/div>\n<\/form>\n<\/div>\n<\/div>\n\t\t\t\t\t\t<\/div>\n\t\t\t\t\t<\/div>\n\t\t<\/div>\n\t\t\t\t\t<\/div>\n\t\t<\/section>\n\t\t\t\t<\/div>\n\t\t","protected":false},"excerpt":{"rendered":"<p>Cont\u00e1ctenos Para reservas y consultas, ll\u00e1manos o escr\u00edbenos. DIRECCI\u00d3N P\u00falpito #180,Amapas, C.P. 48399Puerto Vallarta, Jalisco, M\u00e9xico. Email Us reservations@pinnacleresortspv.com TEL\u00c9FONOS Tel\u00e9fono MEX: +52 (322) 222-3556Sin cargo USA\/CAN: 1-855-202-2236 Forma de Contacto Comencemos una conversaci\u00f3n<\/p>\n","protected":false},"author":1,"featured_media":0,"parent":0,"menu_order":0,"comment_status":"closed","ping_status":"closed","template":"template-fullwidth.php","meta":{"_locale":"es_MX","_original_post":"https:\/\/pinnacleresortspv.com\/?page_id=2747","cozystay_single_page_hide_site_header":"","cozystay_single_page_site_header_source":"","cozystay_single_page_custom_site_header":"0","cozystay_single_page_custom_sticky_site_header":"0","cozystay_single_page_hide_page_title":"","cozystay_single_page_header_section_size":"","cozystay_single_page_header_background_color":"","cozystay_single_page_header_background_position_x":"center","cozystay_single_page_header_background_position_y":"center","cozystay_single_page_header_background_size":"cover","cozystay_single_page_header_background_repeat":"off","cozystay_single_page_header_background_scroll":"on","cozystay_single_page_header_text_color":"","cozystay_single_page_header_show_breadcrumb":"","cozystay_single_page_site_footer_hide_main":"","cozystay_single_custom_site_footer_main_source":"","cozystay_single_custom_site_footer_main":"0","cozystay_single_page_site_footer_hide_above":"","cozystay_single_custom_site_footer_above_source":"","cozystay_single_custom_site_footer_above":"0","cozystay_single_page_site_footer_hide_instagram":"","cozystay_single_page_site_footer_hide_bottom":"","cozystay_single_custom_mobile_menu_source":"","cozystay_single_custom_mobile_menu":"0","cozystay_single_custom_mobile_menu_animation":"","cozystay_single_custom_mobile_menu_width":"","cozystay_single_custom_mobile_menu_custom_width":375,"footnotes":""},"class_list":["post-2757","page","type-page","status-publish","hentry","es-MX"],"_links":{"self":[{"href":"https:\/\/pinnacleresortspv.com\/wp-json\/wp\/v2\/pages\/2757","targetHints":{"allow":["GET"]}}],"collection":[{"href":"https:\/\/pinnacleresortspv.com\/wp-json\/wp\/v2\/pages"}],"about":[{"href":"https:\/\/pinnacleresortspv.com\/wp-json\/wp\/v2\/types\/page"}],"author":[{"embeddable":true,"href":"https:\/\/pinnacleresortspv.com\/wp-json\/wp\/v2\/users\/1"}],"replies":[{"embeddable":true,"href":"https:\/\/pinnacleresortspv.com\/wp-json\/wp\/v2\/comments?post=2757"}],"version-history":[{"count":34,"href":"https:\/\/pinnacleresortspv.com\/wp-json\/wp\/v2\/pages\/2757\/revisions"}],"predecessor-version":[{"id":12161,"href":"https:\/\/pinnacleresortspv.com\/wp-json\/wp\/v2\/pages\/2757\/revisions\/12161"}],"wp:attachment":[{"href":"https:\/\/pinnacleresortspv.com\/wp-json\/wp\/v2\/media?parent=2757"}],"curies":[{"name":"wp","href":"https:\/\/api.w.org\/{rel}","templated":true}]}}