{"id":2745,"date":"2025-01-13T00:16:02","date_gmt":"2025-01-13T00:16:02","guid":{"rendered":"https:\/\/testdomaindemo.xyz\/?page_id=2745"},"modified":"2026-02-28T03:55:36","modified_gmt":"2026-02-28T03:55:36","slug":"privacy-policy","status":"publish","type":"page","link":"https:\/\/pinnacleresortspv.com\/es\/privacy-policy\/","title":{"rendered":"Pol\u00edtica de Privacidad"},"content":{"rendered":"\n<p>Resorts By Pinnacle opera http:\/\/www.pinnacleresortspv.com (el \u201cSitio\u201d). Esta p\u00e1gina le informa sobre nuestras pol\u00edticas con respecto a la recopilaci\u00f3n, el uso y la divulgaci\u00f3n de la Informaci\u00f3n personal que recibimos de los usuarios del Sitio. Utilizamos su informaci\u00f3n personal solo para proporcionar y mejorar el sitio. Al utilizar el Sitio, usted acepta la recopilaci\u00f3n y el uso de la informaci\u00f3n de acuerdo con esta pol\u00edtica.<\/p>\n\n\n\n<p>Recopilaci\u00f3n y uso de informaci\u00f3n Al utilizar nuestro sitio, podemos solicitarle que nos brinde cierta informaci\u00f3n de identificaci\u00f3n personal que pueda usarse para contactarlo o identificarlo. La informaci\u00f3n de identificaci\u00f3n personal puede incluir, entre otros, su nombre (\u201cInformaci\u00f3n personal\u201d).<\/p>\n\n\n\n<p><strong>Dato de Riesgo<\/strong><\/p>\n\n\n\n<p>Al igual que muchos operadores de sitios, recopilamos informaci\u00f3n que su navegador env\u00eda cada vez que visita nuestro Sitio (\u201cDatos de registro\u201d). Este registro de datos puede incluir informaci\u00f3n como la direcci\u00f3n del protocolo de Internet (\u201cIP\u201d) de su computadora, el tipo de navegador, la versi\u00f3n del navegador, las p\u00e1ginas de nuestro sitio que visita, la hora y fecha de su visita, el tiempo dedicado a esas p\u00e1ginas y otros estad\u00edstica. Adem\u00e1s, podemos usar servicios de terceros, como Google Analytics, que recopilan, supervisan y analizan esto \u2026 La secci\u00f3n Datos de registro es para empresas que usan servicios anal\u00edticos o de rastreo en sitios web o aplicaciones, como Google Analytics. Para la secci\u00f3n de divulgaci\u00f3n completa, crea tu propia Pol\u00edtica de privacidad.<\/p>\n\n\n\n<p><strong>Comunicaciones<\/strong><\/p>\n\n\n\n<p>Podemos utilizar su informaci\u00f3n personal para ponernos en contacto con usted con boletines informativos, materiales promocionales o de mercadeo y otra informaci\u00f3n que \u2026 La secci\u00f3n de Comunicaciones es para las empresas que pueden contactar a los usuarios por correo electr\u00f3nico (boletines electr\u00f3nicos) u otros m\u00e9todos. Para la secci\u00f3n de divulgaci\u00f3n completa, crea tu propia Pol\u00edtica de privacidad.<\/p>\n\n\n\n<p><strong>Cookies<\/strong><\/p>\n\n\n\n<p>Las cookies son archivos con poca cantidad de datos, que pueden incluir un identificador \u00fanico an\u00f3nimo. Las cookies se env\u00edan a su navegador desde un sitio web y se almacenan en el disco duro de su computadora. Al igual que muchos sitios, utilizamos \u201ccookies\u201d para recopilar informaci\u00f3n. Puede indicar a su navegador que rechace todas las cookies o que indique cu\u00e1ndo se env\u00eda una cookie. Sin embargo, si no acepta cookies, es posible que no pueda usar algunas partes de nuestro Sitio.<\/p>\n\n\n\n<p><strong>Seguridad<\/strong><\/p>\n\n\n\n<p>La seguridad de su informaci\u00f3n personal es importante para nosotros, pero recuerde que ning\u00fan m\u00e9todo de transmisi\u00f3n a trav\u00e9s de Internet o m\u00e9todo de almacenamiento electr\u00f3nico es 100% seguro. Si bien nos esforzamos por utilizar medios comercialmente aceptables para proteger su informaci\u00f3n personal, no podemos garantizar su absoluta seguridad.<\/p>\n\n\n\n<p><strong>Cambios a esta pol\u00edtica de privacidad<\/strong><\/p>\n\n\n\n<p>Esta Pol\u00edtica de Privacidad entrar\u00e1 en vigencia a partir de (agregar fecha) y seguir\u00e1 en vigencia, excepto en lo que respecta a cualquier cambio en sus disposiciones en el futuro, que tendr\u00e1 efecto inmediatamente despu\u00e9s de su publicaci\u00f3n en esta p\u00e1gina. Nos reservamos el derecho de actualizar o cambiar nuestra Pol\u00edtica de privacidad en cualquier momento y usted debe verificar esta Pol\u00edtica de privacidad peri\u00f3dicamente. Su uso continuado del Servicio despu\u00e9s de que publiquemos cualquier modificaci\u00f3n a la Pol\u00edtica de Privacidad en esta p\u00e1gina constituir\u00e1 su reconocimiento de las modificaciones y su consentimiento para cumplir y estar sujeto a la Pol\u00edtica de Privacidad modificada. Si realizamos alg\u00fan cambio importante en esta Pol\u00edtica de privacidad, se lo notificaremos a trav\u00e9s de la direcci\u00f3n de correo electr\u00f3nico que nos haya proporcionado o mediante un aviso prominente en nuestro sitio web.<\/p>\n\n\n\n<p><strong>Cont\u00e1ctenos<\/strong><\/p>\n\n\n\n<p>Si tiene alguna pregunta sobre esta Pol\u00edtica de privacidad, cont\u00e1ctenos.<\/p>\n\n\n\n<p>\u00daltima actualizaci\u00f3n: 24 de marzo 2025<\/p>\n","protected":false},"excerpt":{"rendered":"<p>Resorts By Pinnacle opera http:\/\/www.pinnacleresortspv.com (el \u201cSitio\u201d). Esta p\u00e1gina le informa sobre nuestras pol\u00edticas con respecto a la recopilaci\u00f3n, el uso y la divulgaci\u00f3n de la Informaci\u00f3n personal que recibimos de los usuarios del Sitio. Utilizamos su informaci\u00f3n personal solo para proporcionar y mejorar el sitio. Al utilizar el Sitio, usted acepta la recopilaci\u00f3n y &#8230;<\/p>\n","protected":false},"author":1,"featured_media":2744,"parent":0,"menu_order":0,"comment_status":"closed","ping_status":"closed","template":"","meta":{"_locale":"es_MX","_original_post":"https:\/\/pinnacleresortspv.com\/?page_id=2741","cozystay_single_page_hide_site_header":"","cozystay_single_page_site_header_source":"","cozystay_single_page_custom_site_header":"0","cozystay_single_page_custom_sticky_site_header":"0","cozystay_single_page_hide_page_title":"","cozystay_single_page_header_section_size":"","cozystay_single_page_header_background_color":"","cozystay_single_page_header_background_position_x":"center","cozystay_single_page_header_background_position_y":"center","cozystay_single_page_header_background_size":"cover","cozystay_single_page_header_background_repeat":"off","cozystay_single_page_header_background_scroll":"on","cozystay_single_page_header_text_color":"","cozystay_single_page_header_show_breadcrumb":"","cozystay_single_page_site_footer_hide_main":"","cozystay_single_custom_site_footer_main_source":"","cozystay_single_custom_site_footer_main":"0","cozystay_single_page_site_footer_hide_above":"","cozystay_single_custom_site_footer_above_source":"","cozystay_single_custom_site_footer_above":"0","cozystay_single_page_site_footer_hide_instagram":"","cozystay_single_page_site_footer_hide_bottom":"","cozystay_single_custom_mobile_menu_source":"","cozystay_single_custom_mobile_menu":"0","cozystay_single_custom_mobile_menu_animation":"","cozystay_single_custom_mobile_menu_width":"","cozystay_single_custom_mobile_menu_custom_width":375,"footnotes":""},"class_list":["post-2745","page","type-page","status-publish","has-post-thumbnail","hentry","es-MX"],"_links":{"self":[{"href":"https:\/\/pinnacleresortspv.com\/wp-json\/wp\/v2\/pages\/2745","targetHints":{"allow":["GET"]}}],"collection":[{"href":"https:\/\/pinnacleresortspv.com\/wp-json\/wp\/v2\/pages"}],"about":[{"href":"https:\/\/pinnacleresortspv.com\/wp-json\/wp\/v2\/types\/page"}],"author":[{"embeddable":true,"href":"https:\/\/pinnacleresortspv.com\/wp-json\/wp\/v2\/users\/1"}],"replies":[{"embeddable":true,"href":"https:\/\/pinnacleresortspv.com\/wp-json\/wp\/v2\/comments?post=2745"}],"version-history":[{"count":2,"href":"https:\/\/pinnacleresortspv.com\/wp-json\/wp\/v2\/pages\/2745\/revisions"}],"predecessor-version":[{"id":5890,"href":"https:\/\/pinnacleresortspv.com\/wp-json\/wp\/v2\/pages\/2745\/revisions\/5890"}],"wp:featuredmedia":[{"embeddable":true,"href":"https:\/\/pinnacleresortspv.com\/wp-json\/wp\/v2\/media\/2744"}],"wp:attachment":[{"href":"https:\/\/pinnacleresortspv.com\/wp-json\/wp\/v2\/media?parent=2745"}],"curies":[{"name":"wp","href":"https:\/\/api.w.org\/{rel}","templated":true}]}}